{"id":33,"date":"2022-06-20T16:05:47","date_gmt":"2022-06-20T16:05:47","guid":{"rendered":"https:\/\/www.fieldflexservices.com\/?page_id=33"},"modified":"2022-09-13T15:56:01","modified_gmt":"2022-09-13T15:56:01","slug":"mentions-legales","status":"publish","type":"page","link":"https:\/\/www.fieldflexservices.com\/en\/mentions-legales\/","title":{"rendered":"Legal terms"},"content":{"rendered":"\t\t<div data-elementor-type=\"wp-page\" data-elementor-id=\"33\" class=\"elementor elementor-33\" data-elementor-post-type=\"page\">\n\t\t\t\t\t\t<section class=\"elementor-section elementor-top-section elementor-element elementor-element-4b98472 elementor-section-height-min-height elementor-section-content-middle elementor-section-boxed elementor-section-height-default elementor-section-items-middle\" data-id=\"4b98472\" data-element_type=\"section\" data-e-type=\"section\" data-settings=\"{&quot;background_background&quot;:&quot;classic&quot;,&quot;sticky&quot;:&quot;top&quot;,&quot;sticky_on&quot;:[&quot;desktop&quot;,&quot;tablet&quot;,&quot;mobile&quot;],&quot;sticky_offset&quot;:0,&quot;sticky_effects_offset&quot;:0,&quot;sticky_anchor_link_offset&quot;:0}\">\n\t\t\t\t\t\t<div class=\"elementor-container elementor-column-gap-default\">\n\t\t\t\t\t<div class=\"elementor-column elementor-col-50 elementor-top-column elementor-element elementor-element-686c44d9\" data-id=\"686c44d9\" data-element_type=\"column\" data-e-type=\"column\">\n\t\t\t<div class=\"elementor-widget-wrap elementor-element-populated\">\n\t\t\t\t\t\t<div class=\"elementor-element elementor-element-d920611 elementor-widget elementor-widget-image\" data-id=\"d920611\" data-element_type=\"widget\" data-e-type=\"widget\" data-widget_type=\"image.default\">\n\t\t\t\t<div class=\"elementor-widget-container\">\n\t\t\t\t\t\t\t\t\t\t\t\t\t\t\t\t<a href=\"https:\/\/www.fieldflexservices.com\/en\">\n\t\t\t\t\t\t\t<img decoding=\"async\" width=\"432\" height=\"107\" src=\"https:\/\/www.fieldflexservices.com\/wp-content\/uploads\/2022\/07\/ffe-2022-logo-432x107-1.png\" class=\"attachment-full size-full wp-image-1183\" alt=\"\" srcset=\"https:\/\/www.fieldflexservices.com\/wp-content\/uploads\/2022\/07\/ffe-2022-logo-432x107-1.png 432w, https:\/\/www.fieldflexservices.com\/wp-content\/uploads\/2022\/07\/ffe-2022-logo-432x107-1-300x74.png 300w\" sizes=\"(max-width: 432px) 100vw, 432px\" \/>\t\t\t\t\t\t\t\t<\/a>\n\t\t\t\t\t\t\t\t\t\t\t\t\t\t\t<\/div>\n\t\t\t\t<\/div>\n\t\t\t\t\t<\/div>\n\t\t<\/div>\n\t\t\t\t<div class=\"elementor-column elementor-col-50 elementor-top-column elementor-element elementor-element-4154a141\" data-id=\"4154a141\" data-element_type=\"column\" data-e-type=\"column\">\n\t\t\t<div class=\"elementor-widget-wrap elementor-element-populated\">\n\t\t\t\t\t\t<div class=\"elementor-element elementor-element-0f8e70e elementor-nav-menu__align-center elementor-nav-menu--dropdown-none elementor-widget elementor-widget-nav-menu\" data-id=\"0f8e70e\" data-element_type=\"widget\" data-e-type=\"widget\" data-settings=\"{&quot;layout&quot;:&quot;horizontal&quot;,&quot;submenu_icon&quot;:{&quot;value&quot;:&quot;&lt;i class=\\&quot;fas fa-caret-down\\&quot; aria-hidden=\\&quot;true\\&quot;&gt;&lt;\\\/i&gt;&quot;,&quot;library&quot;:&quot;fa-solid&quot;}}\" data-widget_type=\"nav-menu.default\">\n\t\t\t\t<div class=\"elementor-widget-container\">\n\t\t\t\t\t\t\t\t<nav aria-label=\"Menu\" class=\"elementor-nav-menu--main elementor-nav-menu__container elementor-nav-menu--layout-horizontal e--pointer-none\">\n\t\t\t\t<ul id=\"menu-1-0f8e70e\" class=\"elementor-nav-menu\"><li class=\"menu-item menu-item-type-post_type menu-item-object-page menu-item-29\"><a href=\"https:\/\/www.fieldflexservices.com\/en\/expertises\/\" class=\"elementor-item\">Expertises<\/a><\/li>\n<li class=\"menu-item menu-item-type-post_type menu-item-object-page menu-item-32\"><a href=\"https:\/\/www.fieldflexservices.com\/en\/projets\/\" class=\"elementor-item\">Projets<\/a><\/li>\n<li class=\"menu-item menu-item-type-post_type menu-item-object-page menu-item-30\"><a href=\"https:\/\/www.fieldflexservices.com\/en\/fieldflex\/\" class=\"elementor-item\">Fieldflex<\/a><\/li>\n<li class=\"menu-item menu-item-type-post_type menu-item-object-page menu-item-28\"><a href=\"https:\/\/www.fieldflexservices.com\/en\/contact\/\" class=\"elementor-item\">Contact<\/a><\/li>\n<li class=\"trp-language-switcher-container menu-item menu-item-type-post_type menu-item-object-language_switcher current-language-menu-item menu-item-1250\"><a href=\"https:\/\/www.fieldflexservices.com\/en\/wp-json\/wp\/v2\/pages\/33#TRPLINKPROCESSED\" class=\"elementor-item elementor-item-anchor\"><span data-no-translation><img decoding=\"async\" class=\"trp-flag-image\" src=\"https:\/\/www.fieldflexservices.com\/wp-content\/plugins\/translatepress-multilingual\/assets\/images\/flags\/fr_FR.png\" width=\"18\" height=\"12\" alt=\"fr_FR\" title=\"French\"><\/span><\/a><\/li>\n<\/ul>\t\t\t<\/nav>\n\t\t\t\t\t\t<nav class=\"elementor-nav-menu--dropdown elementor-nav-menu__container\" aria-hidden=\"true\">\n\t\t\t\t<ul id=\"menu-2-0f8e70e\" class=\"elementor-nav-menu\"><li class=\"menu-item menu-item-type-post_type menu-item-object-page menu-item-29\"><a href=\"https:\/\/www.fieldflexservices.com\/en\/expertises\/\" class=\"elementor-item\" tabindex=\"-1\">Expertises<\/a><\/li>\n<li class=\"menu-item menu-item-type-post_type menu-item-object-page menu-item-32\"><a href=\"https:\/\/www.fieldflexservices.com\/en\/projets\/\" class=\"elementor-item\" tabindex=\"-1\">Projets<\/a><\/li>\n<li class=\"menu-item menu-item-type-post_type menu-item-object-page menu-item-30\"><a href=\"https:\/\/www.fieldflexservices.com\/en\/fieldflex\/\" class=\"elementor-item\" tabindex=\"-1\">Fieldflex<\/a><\/li>\n<li class=\"menu-item menu-item-type-post_type menu-item-object-page menu-item-28\"><a href=\"https:\/\/www.fieldflexservices.com\/en\/contact\/\" class=\"elementor-item\" tabindex=\"-1\">Contact<\/a><\/li>\n<li class=\"trp-language-switcher-container menu-item menu-item-type-post_type menu-item-object-language_switcher current-language-menu-item menu-item-1250\"><a href=\"https:\/\/www.fieldflexservices.com\/en\/wp-json\/wp\/v2\/pages\/33#TRPLINKPROCESSED\" class=\"elementor-item elementor-item-anchor\" tabindex=\"-1\"><span data-no-translation><img decoding=\"async\" class=\"trp-flag-image\" src=\"https:\/\/www.fieldflexservices.com\/wp-content\/plugins\/translatepress-multilingual\/assets\/images\/flags\/fr_FR.png\" width=\"18\" height=\"12\" alt=\"fr_FR\" title=\"French\"><\/span><\/a><\/li>\n<\/ul>\t\t\t<\/nav>\n\t\t\t\t\t\t<\/div>\n\t\t\t\t<\/div>\n\t\t\t\t\t<\/div>\n\t\t<\/div>\n\t\t\t\t\t<\/div>\n\t\t<\/section>\n\t\t\t\t<section class=\"elementor-section elementor-top-section elementor-element elementor-element-3760b597 elementor-section-boxed elementor-section-height-default elementor-section-height-default\" data-id=\"3760b597\" data-element_type=\"section\" data-e-type=\"section\">\n\t\t\t\t\t\t<div class=\"elementor-container elementor-column-gap-default\">\n\t\t\t\t\t<div class=\"elementor-column elementor-col-100 elementor-top-column elementor-element elementor-element-6e567dfc\" data-id=\"6e567dfc\" data-element_type=\"column\" data-e-type=\"column\">\n\t\t\t<div class=\"elementor-widget-wrap elementor-element-populated\">\n\t\t\t\t\t\t<div class=\"elementor-element elementor-element-605d7cb4 elementor-widget elementor-widget-heading\" data-id=\"605d7cb4\" data-element_type=\"widget\" data-e-type=\"widget\" data-widget_type=\"heading.default\">\n\t\t\t\t<div class=\"elementor-widget-container\">\n\t\t\t\t\t<h2 class=\"elementor-heading-title elementor-size-default\">Mentions l\u00e9gales<\/h2>\t\t\t\t<\/div>\n\t\t\t\t<\/div>\n\t\t\t\t<div class=\"elementor-element elementor-element-4b349dc elementor-widget elementor-widget-text-editor\" data-id=\"4b349dc\" data-element_type=\"widget\" data-e-type=\"widget\" data-widget_type=\"text-editor.default\">\n\t\t\t\t<div class=\"elementor-widget-container\">\n\t\t\t\t\t\t\t\t\t<p>Le site internet \u00ab www.fieldflexservices.com \u00bb est un site vitrine destin\u00e9 \u00e0 pr\u00e9senter l\u2019activit\u00e9 de la soci\u00e9t\u00e9 Fieldflex.<\/p>\t\t\t\t\t\t\t\t<\/div>\n\t\t\t\t<\/div>\n\t\t\t\t<div class=\"elementor-element elementor-element-40728c8a elementor-widget elementor-widget-text-editor\" data-id=\"40728c8a\" data-element_type=\"widget\" data-e-type=\"widget\" data-widget_type=\"text-editor.default\">\n\t\t\t\t<div class=\"elementor-widget-container\">\n\t\t\t\t\t\t\t\t\t<h4>R\u00e9alisation<\/h4><p><strong>SARL Mix Web Management<\/strong><br \/>149 avenue du Maine &#8211; 75014 Paris<br \/>E-mail : info@mixweb.fr<br \/>Enregistr\u00e9e au RCS Paris<br \/>SIRET : 517 939 112<\/p><h4>H\u00e9bergement<\/h4><p><strong>DIAM<\/strong><br \/>40 rue Pierre Curie, 78130, LES MUREAUX<\/p><h4>Directeur de publication<\/h4><p>Le Directeur de publication est :<br \/><strong>DIAM<\/strong><br \/>Adresse e-mail de contact\u00a0:\u00a0<a href=\"mailto:contact@diaminter.com\">contact@diaminter.com<\/a><\/p><h4>Pr\u00e9sentation du site www.fieldflexservices.com<\/h4><p>Le site <a href=\"https:\/\/www.fieldflexservices.com\">www.fieldflexservices.com<\/a> est la propri\u00e9t\u00e9 de la soci\u00e9t\u00e9 Fiedlflex.<br \/>Pour contacter le webmaster, si vous avez rep\u00e9r\u00e9 une anomalie ou si vous souhaitez entrer en contact avec le gestionnaire principal du site, contactez :<br \/><a href=\"mailto:webmaster@diaminter.com\">webmaster@diaminter.com<\/a><\/p>\t\t\t\t\t\t\t\t<\/div>\n\t\t\t\t<\/div>\n\t\t\t\t<div class=\"elementor-element elementor-element-240b6a8 elementor-widget elementor-widget-text-editor\" data-id=\"240b6a8\" data-element_type=\"widget\" data-e-type=\"widget\" data-widget_type=\"text-editor.default\">\n\t\t\t\t<div class=\"elementor-widget-container\">\n\t\t\t\t\t\t\t\t\t<h4>Respect de la l\u00e9gislation<\/h4><p>Les informations fournies sur www.fieldflexservices.com le sont \u00e0 titre informatif. La soci\u00e9t\u00e9 Fieldflex ne saurait garantir l\u2019exactitude, la compl\u00e9tude, l\u2019actualit\u00e9 des informations diffus\u00e9es sur le site. Les informations de ce site peuvent contenir des inexactitudes techniques ou des erreurs typographiques. Ces informations peuvent \u00eatre p\u00e9riodiquement modifi\u00e9es et les modifications seront incorpor\u00e9es dans les nouvelles \u00e9ditions.<\/p><p>La soci\u00e9t\u00e9 Fieldflex peut, \u00e0 tout moment, sans pr\u00e9avis, apporter des am\u00e9liorations ou des changements aux produits, aux offres ou aux services d\u00e9crits sur ce site.<br \/>Toute reproduction, repr\u00e9sentation, modification, publication, transmission, d\u00e9naturation, totale ou partielle du site ou de son contenu, par quelque proc\u00e9d\u00e9 que ce soit, et sur quelque support que ce soit est interdite. Toute exploitation non autoris\u00e9e du site ou de son contenu, des informations qui y sont divulgu\u00e9es engagerait la responsabilit\u00e9 de l\u2019utilisateur et constituerait une contrefa\u00e7on sanctionn\u00e9e par les articles L 335-2 et suivants du Code de la Propri\u00e9t\u00e9 Intellectuelle. Il en est de m\u00eame des bases de donn\u00e9es figurant, le cas \u00e9ch\u00e9ant, sur le site www.fieldflexservices.com qui sont prot\u00e9g\u00e9es par les dispositions de la loi du 1er juillet 1998 portant transposition dans le Code de la Propri\u00e9t\u00e9 Intellectuelle de la Directive Europ\u00e9enne du 11 mars 1996 relative \u00e0 la protection juridique des bases de donn\u00e9es. A ce titre, toute reproduction ou extraction engagerait la responsabilit\u00e9 de l\u2019utilisateur.<\/p><h4>Liens hypertextes<\/h4><p>Le site www.fieldflexservices.com donne acc\u00e8s \u00e0 d\u2019autres sites via des liens hypertextes. La soci\u00e9t\u00e9 Fieldflex n\u2019\u00e9tant pas le gestionnaire de ces sites, il ne peut en contr\u00f4ler le contenu. En cons\u00e9quence, la soci\u00e9t\u00e9 Fieldflex ne pourra en aucun cas \u00eatre tenue pour responsable du contenu des sites ainsi accessibles, ou des \u00e9ventuelles collectes et transmission de donn\u00e9es personnelles, installation de cookies ou tout autre proc\u00e9d\u00e9 tendant aux m\u00eames fins, effectu\u00e9s par ces sites.<\/p><p>Tout site public ou priv\u00e9 est autoris\u00e9 \u00e0 \u00e9tablir, sans autorisation pr\u00e9alable, un lien vers le site www.fieldflexservices.com \u00e0 condition :<br \/>\u2013 que les pages www.fieldflexservices.com ne soient pas imbriqu\u00e9es \u00e0 l\u2019int\u00e9rieur des pages d\u2019un autre site,<br \/>\u2013 de n\u2019utiliser que l\u2019URL principale : www.fieldflexservices.com (pas de lien vers une page int\u00e9rieure).<\/p><h4>Vous pouvez exercer ce droit en vous adressant \u00e0 :<\/h4><p><strong>Fieldflex<\/strong><br \/>4 rue Bernard Palissy, 78440 Gargenville<\/p>\t\t\t\t\t\t\t\t<\/div>\n\t\t\t\t<\/div>\n\t\t\t\t\t<\/div>\n\t\t<\/div>\n\t\t\t\t\t<\/div>\n\t\t<\/section>\n\t\t\t\t<section class=\"elementor-section elementor-top-section elementor-element elementor-element-5e88a0b2 elementor-section-boxed elementor-section-height-default elementor-section-height-default\" data-id=\"5e88a0b2\" data-element_type=\"section\" data-e-type=\"section\" data-settings=\"{&quot;background_background&quot;:&quot;classic&quot;}\">\n\t\t\t\t\t\t<div class=\"elementor-container elementor-column-gap-default\">\n\t\t\t\t\t<div class=\"elementor-column elementor-col-33 elementor-top-column elementor-element elementor-element-1a5174fa\" data-id=\"1a5174fa\" data-element_type=\"column\" data-e-type=\"column\">\n\t\t\t<div class=\"elementor-widget-wrap elementor-element-populated\">\n\t\t\t\t\t\t<div class=\"elementor-element elementor-element-623c7963 elementor-widget elementor-widget-image\" data-id=\"623c7963\" data-element_type=\"widget\" data-e-type=\"widget\" data-widget_type=\"image.default\">\n\t\t\t\t<div class=\"elementor-widget-container\">\n\t\t\t\t\t\t\t\t\t\t\t\t\t\t\t<img decoding=\"async\" width=\"187\" height=\"34\" src=\"https:\/\/www.fieldflexservices.com\/wp-content\/uploads\/2022\/06\/Logo.png\" class=\"attachment-large size-large wp-image-93\" alt=\"\" \/>\t\t\t\t\t\t\t\t\t\t\t\t\t\t\t<\/div>\n\t\t\t\t<\/div>\n\t\t\t\t\t<\/div>\n\t\t<\/div>\n\t\t\t\t<div class=\"elementor-column elementor-col-33 elementor-top-column elementor-element elementor-element-27f0488f\" data-id=\"27f0488f\" data-element_type=\"column\" data-e-type=\"column\">\n\t\t\t<div class=\"elementor-widget-wrap elementor-element-populated\">\n\t\t\t\t\t\t<div class=\"elementor-element elementor-element-76cd1197 elementor-nav-menu__align-start elementor-nav-menu--dropdown-tablet elementor-nav-menu__text-align-aside elementor-nav-menu--toggle elementor-nav-menu--burger elementor-widget elementor-widget-nav-menu\" data-id=\"76cd1197\" data-element_type=\"widget\" data-e-type=\"widget\" data-settings=\"{&quot;layout&quot;:&quot;horizontal&quot;,&quot;submenu_icon&quot;:{&quot;value&quot;:&quot;&lt;i class=\\&quot;fas fa-caret-down\\&quot; aria-hidden=\\&quot;true\\&quot;&gt;&lt;\\\/i&gt;&quot;,&quot;library&quot;:&quot;fa-solid&quot;},&quot;toggle&quot;:&quot;burger&quot;}\" data-widget_type=\"nav-menu.default\">\n\t\t\t\t<div class=\"elementor-widget-container\">\n\t\t\t\t\t\t\t\t<nav aria-label=\"Menu\" class=\"elementor-nav-menu--main elementor-nav-menu__container elementor-nav-menu--layout-horizontal e--pointer-underline e--animation-fade\">\n\t\t\t\t<ul id=\"menu-1-76cd1197\" class=\"elementor-nav-menu\"><li class=\"menu-item menu-item-type-post_type menu-item-object-page menu-item-37\"><a href=\"https:\/\/www.fieldflexservices.com\/en\/contact\/\" class=\"elementor-item\">Contact<\/a><\/li>\n<li class=\"menu-item menu-item-type-post_type menu-item-object-page menu-item-36\"><a href=\"https:\/\/www.fieldflexservices.com\/en\/mentions-legales\/\" class=\"elementor-item\">Mentions l\u00e9gales<\/a><\/li>\n<\/ul>\t\t\t<\/nav>\n\t\t\t\t\t<div class=\"elementor-menu-toggle\" role=\"button\" tabindex=\"0\" aria-label=\"Menu Toggle\" aria-expanded=\"false\">\n\t\t\t<i aria-hidden=\"true\" role=\"presentation\" class=\"elementor-menu-toggle__icon--open eicon-menu-bar\"><\/i><i aria-hidden=\"true\" role=\"presentation\" class=\"elementor-menu-toggle__icon--close eicon-close\"><\/i>\t\t<\/div>\n\t\t\t\t\t<nav class=\"elementor-nav-menu--dropdown elementor-nav-menu__container\" aria-hidden=\"true\">\n\t\t\t\t<ul id=\"menu-2-76cd1197\" class=\"elementor-nav-menu\"><li class=\"menu-item menu-item-type-post_type menu-item-object-page menu-item-37\"><a href=\"https:\/\/www.fieldflexservices.com\/en\/contact\/\" class=\"elementor-item\" tabindex=\"-1\">Contact<\/a><\/li>\n<li class=\"menu-item menu-item-type-post_type menu-item-object-page menu-item-36\"><a href=\"https:\/\/www.fieldflexservices.com\/en\/mentions-legales\/\" class=\"elementor-item\" tabindex=\"-1\">Mentions l\u00e9gales<\/a><\/li>\n<\/ul>\t\t\t<\/nav>\n\t\t\t\t\t\t<\/div>\n\t\t\t\t<\/div>\n\t\t\t\t\t<\/div>\n\t\t<\/div>\n\t\t\t\t<div class=\"elementor-column elementor-col-33 elementor-top-column elementor-element elementor-element-d52ecf4\" data-id=\"d52ecf4\" data-element_type=\"column\" data-e-type=\"column\">\n\t\t\t<div class=\"elementor-widget-wrap elementor-element-populated\">\n\t\t\t\t\t\t<div class=\"elementor-element elementor-element-36bc9864 elementor-widget elementor-widget-text-editor\" data-id=\"36bc9864\" data-element_type=\"widget\" data-e-type=\"widget\" data-widget_type=\"text-editor.default\">\n\t\t\t\t<div class=\"elementor-widget-container\">\n\t\t\t\t\t\t\t\t\t<p>#EasyRetail<\/p>\t\t\t\t\t\t\t\t<\/div>\n\t\t\t\t<\/div>\n\t\t\t\t\t<\/div>\n\t\t<\/div>\n\t\t\t\t\t<\/div>\n\t\t<\/section>\n\t\t\t\t<\/div>\n\t\t","protected":false},"excerpt":{"rendered":"<p>Mentions l\u00e9gales Le site internet \u00ab www.fieldflexservices.com \u00bb est un site vitrine destin\u00e9 \u00e0 pr\u00e9senter l\u2019activit\u00e9 de la soci\u00e9t\u00e9 Fieldflex. R\u00e9alisation SARL Mix Web Management149 avenue du Maine &#8211; 75014 ParisE-mail : info@mixweb.frEnregistr\u00e9e au RCS ParisSIRET : 517 939 112 H\u00e9bergement DIAM40 rue Pierre Curie, 78130, LES MUREAUX Directeur de publication Le Directeur de publication &#8230; <a title=\"Legal terms\" class=\"read-more\" href=\"https:\/\/www.fieldflexservices.com\/en\/mentions-legales\/\" aria-label=\"Read more about Mentions l\u00e9gales\">Read more<\/a><\/p>","protected":false},"author":1,"featured_media":0,"parent":0,"menu_order":0,"comment_status":"closed","ping_status":"closed","template":"elementor_canvas","meta":{"_monsterinsights_skip_tracking":false,"_monsterinsights_sitenote_active":false,"_monsterinsights_sitenote_note":"","_monsterinsights_sitenote_category":0,"footnotes":""},"class_list":["post-33","page","type-page","status-publish"],"_links":{"self":[{"href":"https:\/\/www.fieldflexservices.com\/en\/wp-json\/wp\/v2\/pages\/33","targetHints":{"allow":["GET"]}}],"collection":[{"href":"https:\/\/www.fieldflexservices.com\/en\/wp-json\/wp\/v2\/pages"}],"about":[{"href":"https:\/\/www.fieldflexservices.com\/en\/wp-json\/wp\/v2\/types\/page"}],"author":[{"embeddable":true,"href":"https:\/\/www.fieldflexservices.com\/en\/wp-json\/wp\/v2\/users\/1"}],"replies":[{"embeddable":true,"href":"https:\/\/www.fieldflexservices.com\/en\/wp-json\/wp\/v2\/comments?post=33"}],"version-history":[{"count":5,"href":"https:\/\/www.fieldflexservices.com\/en\/wp-json\/wp\/v2\/pages\/33\/revisions"}],"predecessor-version":[{"id":1705,"href":"https:\/\/www.fieldflexservices.com\/en\/wp-json\/wp\/v2\/pages\/33\/revisions\/1705"}],"wp:attachment":[{"href":"https:\/\/www.fieldflexservices.com\/en\/wp-json\/wp\/v2\/media?parent=33"}],"curies":[{"name":"wp","href":"https:\/\/api.w.org\/{rel}","templated":true}]}}